{"id":12,"date":"2022-08-30T17:22:49","date_gmt":"2022-08-30T20:22:49","guid":{"rendered":"http:\/\/suporte.ciadoterno.com.br\/?page_id=12"},"modified":"2026-04-29T09:01:56","modified_gmt":"2026-04-29T12:01:56","slug":"escala-plantao-equipe-de-ti","status":"publish","type":"page","link":"https:\/\/suporte.ciadoterno.com.br\/?page_id=12","title":{"rendered":"Escala Plant\u00e3o &#8211; Equipe de TI"},"content":{"rendered":"\t\t<div data-elementor-type=\"wp-page\" data-elementor-id=\"12\" class=\"elementor elementor-12\">\n\t\t\t\t\t\t<section class=\"elementor-section elementor-top-section elementor-element elementor-element-28b650d elementor-section-boxed elementor-section-height-default elementor-section-height-default\" data-id=\"28b650d\" data-element_type=\"section\" data-e-type=\"section\">\n\t\t\t\t\t\t<div class=\"elementor-container elementor-column-gap-default\">\n\t\t\t\t\t<div class=\"elementor-column elementor-col-100 elementor-top-column elementor-element elementor-element-9b1a96c\" data-id=\"9b1a96c\" data-element_type=\"column\" data-e-type=\"column\">\n\t\t\t<div class=\"elementor-widget-wrap elementor-element-populated\">\n\t\t\t\t\t\t<div class=\"elementor-element elementor-element-b337989 elementor-widget__width-initial elementor-widget elementor-widget-text-editor\" data-id=\"b337989\" data-element_type=\"widget\" data-e-type=\"widget\" data-widget_type=\"text-editor.default\">\n\t\t\t\t<div class=\"elementor-widget-container\">\n\t\t\t\t\t\t\t\t\t<p><span style=\"color: #ff0000;\"><strong>Avisos Importantes<\/strong><\/span><\/p><p><span style=\"font-size: 10.0pt; font-family: 'Verdana','sans-serif';\">Prezados Srs. Supervisores, Gerentes e Caixas!<\/span><\/p><p><span style=\"font-weight: var( --e-global-typography-text-font-weight ); text-align: justify;\">A equipe de TI (<\/span><span style=\"font-weight: var( --e-global-typography-text-font-weight ); text-align: justify; color: #ff0000;\">Alo\u00edsio e Weslley<\/span><span style=\"font-weight: var( --e-global-typography-text-font-weight ); text-align: justify;\">) n\u00e3o precisam de senha ou autoriza\u00e7\u00e3o para acessar o computador da loja.\u00a0<\/span><\/p><p style=\"text-align: justify;\">Pedimos o <span style=\"color: #ff0000;\">m\u00e1ximo de aten\u00e7\u00e3o<\/span> e repassem essas informa\u00e7\u00f5es aos nossos vendedores e gerentes, em caso de sua aus\u00eancia<\/p><p style=\"text-align: justify;\"><span style=\"font-weight: bolder;\"><em>Caso fa\u00e7a-se necess\u00e1rio alguma intera\u00e7\u00e3o por parte da loja para liberar acesso, por gentileza,\u00a0<\/em><\/span><span style=\"font-weight: bolder;\"><em><span style=\"color: #ff0000;\">a loja dever\u00e1 ligar para o solicitante na Equipe de TI<\/span>.<\/em><\/span><\/p><p style=\"text-align: justify;\">Central de Suporte T\u00e9cnico\/HelpDesk &#8211; <span style=\"font-weight: bolder;\">Cia do Terno e Leschemises<\/span><\/p><p style=\"text-align: justify;\">Telefones: <strong><span style=\"color: #ff0000;\">(31) 3319-5312 <\/span><\/strong><span style=\"font-weight: bolder;\"><strong><span style=\"color: #ff0000;\">\u00a0<\/span><\/strong><small style=\"font-size: 12.8px;\">(Inform\u00e1tica em Belo Horizonte)<\/small><\/span><\/p><table><tbody><tr><td style=\"background-color: #d1eee1;\" colspan=\"6\"><h4 style=\"text-align: center;\"><span style=\"color: #000000;\">Escala de Plant\u00e3o &#8211; Abril<span style=\"color: #0000ff;\">\/2026<\/span><\/span><\/h4><\/td><\/tr><tr><td><span style=\"font-weight: bolder; color: #000000;\">\u00a0 \u00a0 \u00a0 \u00a0 \u00a0 Data\u00a0 \u00a0 \u00a0 \u00a0 \u00a0 \u00a0\u00a0<\/span><\/td><td style=\"text-align: center;\"><span style=\"color: #000000;\"><strong>Dia\u00a0de\u00a0Semana<\/strong><\/span><\/td><td><span style=\"font-weight: bolder; color: #000000;\">07:30h at\u00e9 13:00h<br \/>Matutino<\/span><\/td><td><span style=\"font-weight: bolder; color: #000000;\">13:00h at\u00e9 14:00h<br \/>Almo\u00e7o<\/span><\/td><td><span style=\"font-weight: bolder; color: #000000;\">14:00h at\u00e9 17:00h<br \/>Vespertino<\/span><\/td><td><span style=\"font-weight: bolder; color: #000000;\">17:00h at\u00e9 22:00h<br \/>Noturno<\/span><\/td><\/tr><tr><td style=\"text-align: center;\">\u00a0<\/td><td style=\"text-align: center;\"><span style=\"font-weight: bolder; color: #000000;\">Segunda<\/span><\/td><td style=\"text-align: center;\"><span style=\"color: #000000;\">Weslley<\/span><\/td><td style=\"text-align: center;\"><span style=\"color: #000000;\">Aloisio<\/span><\/td><td style=\"text-align: center;\"><span style=\"color: #000000;\">Weslley<\/span><\/td><td style=\"text-align: center;\"><span style=\"color: #000000;\">Aloisio<\/span><\/td><\/tr><tr><td style=\"text-align: center;\">\u00a0<\/td><td style=\"text-align: center;\"><span style=\"font-weight: bolder; color: #000000;\">Ter\u00e7a<\/span><\/td><td style=\"text-align: center;\"><span style=\"color: #000000;\">Weslley<\/span><\/td><td style=\"text-align: center;\"><span style=\"color: #000000;\">Aloisio<\/span><\/td><td style=\"text-align: center;\"><span style=\"color: #000000;\">Weslley<\/span><\/td><td style=\"text-align: center;\"><span style=\"color: #000000;\">Aloisio<\/span><\/td><\/tr><tr><td style=\"text-align: center;\">\u00a0<\/td><td style=\"text-align: center;\"><span style=\"color: #000000;\"><strong>Quarta<\/strong><\/span><\/td><td style=\"text-align: center;\"><span style=\"color: #000000;\">Weslley<\/span><\/td><td style=\"text-align: center;\"><span style=\"color: #000000;\">Aloisio<\/span><\/td><td style=\"text-align: center;\"><span style=\"color: #000000;\">Weslley<\/span><\/td><td style=\"text-align: center;\"><span style=\"color: #000000;\">Aloisio<\/span><\/td><\/tr><tr><td style=\"text-align: center;\">\u00a0<\/td><td style=\"text-align: center;\"><span style=\"font-weight: bolder; color: #000000;\">Quinta<\/span><\/td><td style=\"text-align: center;\"><span style=\"color: #000000;\">Weslley<\/span><\/td><td style=\"text-align: center;\"><span style=\"color: #000000;\">Aloisio<\/span><\/td><td style=\"text-align: center;\"><span style=\"color: #000000;\">Weslley<\/span><\/td><td style=\"text-align: center;\"><span style=\"color: #000000;\">Aloisio<\/span><\/td><\/tr><tr><td style=\"text-align: center;\">\u00a0<\/td><td style=\"text-align: center;\"><span style=\"color: #000000;\"><strong>Sexta<\/strong><\/span><\/td><td style=\"text-align: center;\"><span style=\"color: #000000;\">Weslley<\/span><\/td><td style=\"text-align: center;\"><span style=\"color: #000000;\">Aloisio<\/span><\/td><td style=\"text-align: center;\"><span style=\"color: #000000;\">Weslley<\/span><\/td><td style=\"text-align: center;\"><span style=\"color: #000000;\">Aloisio<\/span><\/td><\/tr><tr><td style=\"text-align: center;\">\u00a0<\/td><td style=\"text-align: center;\"><span style=\"color: #ff0000;\"><strong>S\u00e1bado\u00a0<\/strong><\/span><\/td><td style=\"text-align: center;\"><span style=\"color: #ff0000;\">Alo\u00edsio\u00a0<\/span><\/td><td style=\"text-align: center;\"><span style=\"color: #ff0000;\">Alo\u00edsio\u00a0<\/span><\/td><td style=\"text-align: center;\"><span style=\"color: #ff0000;\">Alo\u00edsio\u00a0<\/span><\/td><td style=\"text-align: center;\"><span style=\"color: #ff0000;\">Alo\u00edsio<\/span><\/td><\/tr><tr><td style=\"text-align: center;\">\u00a0<\/td><td style=\"text-align: center;\"><span style=\"color: #ff0000;\"><strong>Domingo<\/strong><br \/><\/span><\/td><td style=\"text-align: center;\">\u00a0<\/td><td style=\"text-align: center;\">\u00a0<\/td><td style=\"text-align: center;\"><span style=\"color: #ff0000;\">Alo\u00edsio<span style=\"font-size: 13px;\">\u00a0<\/span><\/span><\/td><td style=\"text-align: center;\"><span style=\"color: #ff0000;\">Alo\u00edsio<span style=\"font-size: 13px;\">\u00a0<\/span><\/span><\/td><\/tr><\/tbody><\/table><p style=\"text-align: justify;\">\u00a0<\/p>\t\t\t\t\t\t\t\t<\/div>\n\t\t\t\t<\/div>\n\t\t\t\t\t<\/div>\n\t\t<\/div>\n\t\t\t\t\t<\/div>\n\t\t<\/section>\n\t\t\t\t<section class=\"elementor-section elementor-top-section elementor-element elementor-element-bfdb691 elementor-section-boxed elementor-section-height-default elementor-section-height-default\" data-id=\"bfdb691\" data-element_type=\"section\" data-e-type=\"section\">\n\t\t\t\t\t\t<div class=\"elementor-container elementor-column-gap-default\">\n\t\t\t\t\t<div class=\"elementor-column elementor-col-100 elementor-top-column elementor-element elementor-element-36433d0\" data-id=\"36433d0\" data-element_type=\"column\" data-e-type=\"column\">\n\t\t\t<div class=\"elementor-widget-wrap elementor-element-populated\">\n\t\t\t\t\t\t<div class=\"elementor-element elementor-element-cbf2713 elementor-widget elementor-widget-text-editor\" data-id=\"cbf2713\" data-element_type=\"widget\" data-e-type=\"widget\" data-widget_type=\"text-editor.default\">\n\t\t\t\t<div class=\"elementor-widget-container\">\n\t\t\t\t\t\t\t\t\t<table style=\"font-family: 'Times New Roman';\"><tbody><tr><td><img decoding=\"async\" src=\"https:\/\/atendimento.ciadoterno.com.br\/imagens\/foto-aloisio.png\" width=\"100\" height=\"140\" hspace=\"10\" vspace=\"8\" \/><\/td><td><table><tbody><tr><td><b>Nome:<\/b><\/td><td style=\"text-align: left;\"><span style=\"font-size: medium;\">Agostinho Aloisio Knorst<\/span><\/td><\/tr><tr><td><b>Apelido:<\/b><\/td><td style=\"text-align: left;\"><b>Alo\u00edsio<\/b><\/td><\/tr><tr><td><b>Atribui\u00e7\u00e3o<\/b><\/td><td style=\"text-align: left;\">Coordena\u00e7\u00e3o Equipe Inform\u00e1tica (Suporte Infraestutura de Redes e Servidores)<\/td><\/tr><tr><td><b>Tel. Celular:<\/b><\/td><td style=\"text-align: left;\"><strong><span style=\"color: #ff0000;\">(31) 9 8475-7771 &#8211;<span style=\"color: #339966;\"> (47) 9 9151-1001<\/span><\/span><\/strong><\/td><\/tr><tr><td><b>Tel. Fixo:<\/b><\/td><td style=\"text-align: left;\"><span style=\"color: #ff0000;\"><b>(47) 3209-0303<\/b><\/span><\/td><\/tr><tr><td><b>E-mail:<\/b><\/td><td style=\"text-align: left;\">aloisio@ciadoterno.com.br<\/td><\/tr><tr><td><b>Hor\u00e1rio:<\/b><\/td><td style=\"text-align: left;\">\u00a0Suporte N\u00edvel 2 &#8211; <span style=\"color: 990000;\">Acionar quando Wesley estiver indispon\u00edvel \u00a0 \u00a0 \u00a0 \u00a0 \u00a0 \u00a0 \u00a0 \u00a0<\/span><\/td><\/tr><\/tbody><\/table><\/td><\/tr><tr><td>\u00a0<\/td><td>\u00a0<\/td><\/tr><tr><td><img decoding=\"async\" src=\"https:\/\/suporte.ciadoterno.com.br\/wp-content\/uploads\/2024\/07\/FotoWeslley-186x300.png\" alt=\"\" width=\"96\" height=\"154\" \/><\/td><td><table style=\"height: 178px;\" width=\"477\"><tbody><tr><td><b>Nome:<\/b><\/td><td style=\"text-align: left;\"><span style=\"font-size: medium;\">Weslley J. Leles<\/span><\/td><\/tr><tr><td><b>Apelido:<\/b><\/td><td style=\"text-align: left;\"><b>Weslley<\/b><\/td><\/tr><tr><td><b>Atribui\u00e7\u00e3o<\/b><\/td><td style=\"text-align: left;\">Suporte T\u00e9cnico Inform\u00e1tica (Usu\u00e1rios)<\/td><\/tr><tr><td><b>Tel. Celular:<\/b><\/td><td style=\"text-align: left;\"><span style=\"color: #ff0000;\"><b>(31) 3319-5312 \/ (31) 9 7528-1514<\/b><\/span><\/td><\/tr><tr><td><b>E-mail:<\/b><\/td><td style=\"text-align: left;\">weslley.leles@ciadoterno.com.br<\/td><\/tr><tr><td><b>Hor\u00e1rio:<\/b><\/td><td style=\"text-align: left;\"><b>Conforme escala<\/b><\/td><\/tr><\/tbody><\/table><\/td><\/tr><\/tbody><\/table>\t\t\t\t\t\t\t\t<\/div>\n\t\t\t\t<\/div>\n\t\t\t\t\t<\/div>\n\t\t<\/div>\n\t\t\t\t\t<\/div>\n\t\t<\/section>\n\t\t\t\t<section class=\"elementor-section elementor-top-section elementor-element elementor-element-0d61587 elementor-section-boxed elementor-section-height-default elementor-section-height-default\" data-id=\"0d61587\" data-element_type=\"section\" data-e-type=\"section\">\n\t\t\t\t\t\t<div class=\"elementor-container elementor-column-gap-default\">\n\t\t\t\t\t<div class=\"elementor-column elementor-col-100 elementor-top-column elementor-element elementor-element-99bcc34\" data-id=\"99bcc34\" data-element_type=\"column\" data-e-type=\"column\">\n\t\t\t<div class=\"elementor-widget-wrap\">\n\t\t\t\t\t\t\t<\/div>\n\t\t<\/div>\n\t\t\t\t\t<\/div>\n\t\t<\/section>\n\t\t\t\t<\/div>\n\t\t","protected":false},"excerpt":{"rendered":"<p>Avisos Importantes Prezados Srs. Supervisores, Gerentes e Caixas! A equipe de TI (Alo\u00edsio e Weslley) n\u00e3o precisam de senha ou autoriza\u00e7\u00e3o para acessar o computador da loja.\u00a0 Pedimos o m\u00e1ximo de aten\u00e7\u00e3o e repassem essas informa\u00e7\u00f5es aos nossos vendedores e gerentes, em caso de sua aus\u00eancia Caso fa\u00e7a-se necess\u00e1rio alguma intera\u00e7\u00e3o por parte da loja<\/p>\n","protected":false},"author":1,"featured_media":0,"parent":0,"menu_order":0,"comment_status":"closed","ping_status":"closed","template":"elementor_header_footer","meta":{"footnotes":""},"class_list":["post-12","page","type-page","status-publish","hentry"],"_links":{"self":[{"href":"https:\/\/suporte.ciadoterno.com.br\/index.php?rest_route=\/wp\/v2\/pages\/12","targetHints":{"allow":["GET"]}}],"collection":[{"href":"https:\/\/suporte.ciadoterno.com.br\/index.php?rest_route=\/wp\/v2\/pages"}],"about":[{"href":"https:\/\/suporte.ciadoterno.com.br\/index.php?rest_route=\/wp\/v2\/types\/page"}],"author":[{"embeddable":true,"href":"https:\/\/suporte.ciadoterno.com.br\/index.php?rest_route=\/wp\/v2\/users\/1"}],"replies":[{"embeddable":true,"href":"https:\/\/suporte.ciadoterno.com.br\/index.php?rest_route=%2Fwp%2Fv2%2Fcomments&post=12"}],"version-history":[{"count":1533,"href":"https:\/\/suporte.ciadoterno.com.br\/index.php?rest_route=\/wp\/v2\/pages\/12\/revisions"}],"predecessor-version":[{"id":1792,"href":"https:\/\/suporte.ciadoterno.com.br\/index.php?rest_route=\/wp\/v2\/pages\/12\/revisions\/1792"}],"wp:attachment":[{"href":"https:\/\/suporte.ciadoterno.com.br\/index.php?rest_route=%2Fwp%2Fv2%2Fmedia&parent=12"}],"curies":[{"name":"wp","href":"https:\/\/api.w.org\/{rel}","templated":true}]}}